{"id":13386,"date":"2024-04-06T14:30:56","date_gmt":"2024-04-06T12:30:56","guid":{"rendered":"http:\/\/www.muftizubair.co.za\/site\/?page_id=13386"},"modified":"2024-04-06T14:33:18","modified_gmt":"2024-04-06T12:33:18","slug":"hizb-alll-nasr","status":"publish","type":"page","link":"http:\/\/www.muftizubair.co.za\/site\/?page_id=13386","title":{"rendered":"Hizb Al-Nasr &#8211; Litany of Victory"},"content":{"rendered":"<p>&nbsp;<\/p>\n<p>\u1e24izb al-Na\u1e63r is a litany\/du\u02bf\u0101 compiled by a <span style=\"font-size: 1.0625rem;\">great Wal\u012b of All\u0101h, Shaykh Ab\u016b al-\u1e24asan <\/span><span style=\"font-size: 1.0625rem;\">al-Sh\u0101dhil\u012b Ra\u1e25matull\u0101hi\u02bfAlayh (592\/1196-<\/span><span style=\"font-size: 1.0625rem;\">655\/1258) invoking All\u0101h Ta\u02bf\u0101l\u0101\u2019s Nu\u1e63rah<\/span><span style=\"font-size: 1.0625rem;\">(Help), blessings and guidance for the <\/span><span style=\"font-size: 1.0625rem;\">afflicted Ummah.\u00a0<\/span><\/p>\n<p>&nbsp;<\/p>\n<p><a href=\"http:\/\/www.muftizubair.co.za\/site\/wp-content\/uploads\/2024\/04\/HIZB-AL-NASR-1.pdf\">DOWNLOAD<\/a><\/p>\n","protected":false},"excerpt":{"rendered":"<p>&nbsp; \u1e24izb al-Na\u1e63r is a litany\/du\u02bf\u0101 compiled by a great Wal\u012b of All\u0101h, Shaykh Ab\u016b al-\u1e24asan al-Sh\u0101dhil\u012b Ra\u1e25matull\u0101hi\u02bfAlayh (592\/1196-655\/1258) invoking[&#8230;]<\/p>\n","protected":false},"author":5,"featured_media":0,"parent":162,"menu_order":0,"comment_status":"closed","ping_status":"closed","template":"","meta":{"_monsterinsights_skip_tracking":false,"_monsterinsights_sitenote_active":false,"_monsterinsights_sitenote_note":"","_monsterinsights_sitenote_category":0,"footnotes":"","_links_to":"","_links_to_target":""},"class_list":["post-13386","page","type-page","status-publish","hentry"],"_links":{"self":[{"href":"http:\/\/www.muftizubair.co.za\/site\/index.php?rest_route=\/wp\/v2\/pages\/13386"}],"collection":[{"href":"http:\/\/www.muftizubair.co.za\/site\/index.php?rest_route=\/wp\/v2\/pages"}],"about":[{"href":"http:\/\/www.muftizubair.co.za\/site\/index.php?rest_route=\/wp\/v2\/types\/page"}],"author":[{"embeddable":true,"href":"http:\/\/www.muftizubair.co.za\/site\/index.php?rest_route=\/wp\/v2\/users\/5"}],"replies":[{"embeddable":true,"href":"http:\/\/www.muftizubair.co.za\/site\/index.php?rest_route=%2Fwp%2Fv2%2Fcomments&post=13386"}],"version-history":[{"count":2,"href":"http:\/\/www.muftizubair.co.za\/site\/index.php?rest_route=\/wp\/v2\/pages\/13386\/revisions"}],"predecessor-version":[{"id":13389,"href":"http:\/\/www.muftizubair.co.za\/site\/index.php?rest_route=\/wp\/v2\/pages\/13386\/revisions\/13389"}],"up":[{"embeddable":true,"href":"http:\/\/www.muftizubair.co.za\/site\/index.php?rest_route=\/wp\/v2\/pages\/162"}],"wp:attachment":[{"href":"http:\/\/www.muftizubair.co.za\/site\/index.php?rest_route=%2Fwp%2Fv2%2Fmedia&parent=13386"}],"curies":[{"name":"wp","href":"https:\/\/api.w.org\/{rel}","templated":true}]}}